{"id":36,"date":"2014-10-01T13:46:09","date_gmt":"2014-10-01T16:46:09","guid":{"rendered":"http:\/\/textosteatro.com\/br\/?page_id=36"},"modified":"2025-04-22T15:38:23","modified_gmt":"2025-04-22T18:38:23","slug":"home","status":"publish","type":"page","link":"https:\/\/textosteatro.com\/br\/","title":{"rendered":"Textos Teatro"},"content":{"rendered":"<p style=\"text-align: center;\"><script src=\"\/\/pagead2.googlesyndication.com\/pagead\/js\/adsbygoogle.js\" async=\"\"><\/script><!-- rodap\u00e9 --> <ins class=\"adsbygoogle\" style=\"display: inline-block; width: 728px; height: 90px;\" data-ad-client=\"ca-pub-7922989058824856\" data-ad-slot=\"4336622816\"><\/ins><script>\/\/ <![CDATA[\n(adsbygoogle = window.adsbygoogle || []).push({});<br \/>\n\/\/ ]]><\/script><!--more--><\/p>\n<div>\n<h2 style=\"text-align: center;\">Textos Teatro:<\/h2>\n<p style=\"text-align: center;\">Meus textos est\u00e3o completos aqui, basta clicar no t\u00edtulo do texto ap\u00f3s escolher-lo no menu ao lado.<\/p>\n<p style=\"text-align: center;\">Para mais informa\u00e7\u00f5es sobre autoriza\u00e7\u00e3o de uso dos textos, olhe a guia <a href=\"https:\/\/textosteatro.com\/br\/faq\/\">D\u00favidas (F.A.Q.)<\/a><\/p>\n<hr \/>\n<p style=\"text-align: center;\">Visite meu canal no Youtube:<br \/>\n<a href=\"http:\/\/www.youtube.com\/victorsantanna\">http:\/\/www.youtube.com\/victorsantanna<\/a><\/p>\n<\/div>\n<p style=\"text-align: center;\">\n","protected":false},"excerpt":{"rendered":"","protected":false},"author":1,"featured_media":0,"parent":0,"menu_order":0,"comment_status":"open","ping_status":"closed","template":"","meta":{"jetpack_post_was_ever_published":false,"footnotes":""},"class_list":["post-36","page","type-page","status-publish","hentry"],"yoast_head":"<!-- This site is optimized with the Yoast SEO plugin v27.4 - https:\/\/yoast.com\/product\/yoast-seo-wordpress\/ -->\n<title>Textos Teatro - Textos Teatro<\/title>\n<meta name=\"robots\" content=\"index, follow, max-snippet:-1, max-image-preview:large, max-video-preview:-1\" \/>\n<link rel=\"canonical\" href=\"https:\/\/textosteatro.com\/br\/\" \/>\n<meta property=\"og:locale\" content=\"en_US\" \/>\n<meta property=\"og:type\" content=\"article\" \/>\n<meta property=\"og:title\" content=\"Textos Teatro - Textos Teatro\" \/>\n<meta property=\"og:url\" content=\"https:\/\/textosteatro.com\/br\/\" \/>\n<meta property=\"og:site_name\" content=\"Textos Teatro\" \/>\n<meta property=\"article:modified_time\" content=\"2025-04-22T18:38:23+00:00\" \/>\n<meta name=\"twitter:label1\" content=\"Est. reading time\" \/>\n\t<meta name=\"twitter:data1\" content=\"1 minute\" \/>\n<script type=\"application\/ld+json\" class=\"yoast-schema-graph\">{\"@context\":\"https:\\\/\\\/schema.org\",\"@graph\":[{\"@type\":\"WebPage\",\"@id\":\"https:\\\/\\\/textosteatro.com\\\/br\\\/\",\"url\":\"https:\\\/\\\/textosteatro.com\\\/br\\\/\",\"name\":\"Textos Teatro - Textos Teatro\",\"isPartOf\":{\"@id\":\"https:\\\/\\\/textosteatro.com\\\/br\\\/#website\"},\"datePublished\":\"2014-10-01T16:46:09+00:00\",\"dateModified\":\"2025-04-22T18:38:23+00:00\",\"breadcrumb\":{\"@id\":\"https:\\\/\\\/textosteatro.com\\\/br\\\/#breadcrumb\"},\"inLanguage\":\"en-US\",\"potentialAction\":[{\"@type\":\"ReadAction\",\"target\":[\"https:\\\/\\\/textosteatro.com\\\/br\\\/\"]}]},{\"@type\":\"BreadcrumbList\",\"@id\":\"https:\\\/\\\/textosteatro.com\\\/br\\\/#breadcrumb\",\"itemListElement\":[{\"@type\":\"ListItem\",\"position\":1,\"name\":\"Home\",\"item\":\"https:\\\/\\\/textosteatro.com\\\/br\\\/\"},{\"@type\":\"ListItem\",\"position\":2,\"name\":\"Textos Teatro\"}]},{\"@type\":\"WebSite\",\"@id\":\"https:\\\/\\\/textosteatro.com\\\/br\\\/#website\",\"url\":\"https:\\\/\\\/textosteatro.com\\\/br\\\/\",\"name\":\"Textos Teatro\",\"description\":\"Textos para Teatro Gr\u00e1tis\",\"potentialAction\":[{\"@type\":\"SearchAction\",\"target\":{\"@type\":\"EntryPoint\",\"urlTemplate\":\"https:\\\/\\\/textosteatro.com\\\/br\\\/?s={search_term_string}\"},\"query-input\":{\"@type\":\"PropertyValueSpecification\",\"valueRequired\":true,\"valueName\":\"search_term_string\"}}],\"inLanguage\":\"en-US\"}]}<\/script>\n<!-- \/ Yoast SEO plugin. -->","yoast_head_json":{"title":"Textos Teatro - Textos Teatro","robots":{"index":"index","follow":"follow","max-snippet":"max-snippet:-1","max-image-preview":"max-image-preview:large","max-video-preview":"max-video-preview:-1"},"canonical":"https:\/\/textosteatro.com\/br\/","og_locale":"en_US","og_type":"article","og_title":"Textos Teatro - Textos Teatro","og_url":"https:\/\/textosteatro.com\/br\/","og_site_name":"Textos Teatro","article_modified_time":"2025-04-22T18:38:23+00:00","twitter_misc":{"Est. reading time":"1 minute"},"schema":{"@context":"https:\/\/schema.org","@graph":[{"@type":"WebPage","@id":"https:\/\/textosteatro.com\/br\/","url":"https:\/\/textosteatro.com\/br\/","name":"Textos Teatro - Textos Teatro","isPartOf":{"@id":"https:\/\/textosteatro.com\/br\/#website"},"datePublished":"2014-10-01T16:46:09+00:00","dateModified":"2025-04-22T18:38:23+00:00","breadcrumb":{"@id":"https:\/\/textosteatro.com\/br\/#breadcrumb"},"inLanguage":"en-US","potentialAction":[{"@type":"ReadAction","target":["https:\/\/textosteatro.com\/br\/"]}]},{"@type":"BreadcrumbList","@id":"https:\/\/textosteatro.com\/br\/#breadcrumb","itemListElement":[{"@type":"ListItem","position":1,"name":"Home","item":"https:\/\/textosteatro.com\/br\/"},{"@type":"ListItem","position":2,"name":"Textos Teatro"}]},{"@type":"WebSite","@id":"https:\/\/textosteatro.com\/br\/#website","url":"https:\/\/textosteatro.com\/br\/","name":"Textos Teatro","description":"Textos para Teatro Gr\u00e1tis","potentialAction":[{"@type":"SearchAction","target":{"@type":"EntryPoint","urlTemplate":"https:\/\/textosteatro.com\/br\/?s={search_term_string}"},"query-input":{"@type":"PropertyValueSpecification","valueRequired":true,"valueName":"search_term_string"}}],"inLanguage":"en-US"}]}},"jetpack_shortlink":"https:\/\/wp.me\/P58CN8-A","jetpack_sharing_enabled":true,"_links":{"self":[{"href":"https:\/\/textosteatro.com\/br\/wp-json\/wp\/v2\/pages\/36","targetHints":{"allow":["GET"]}}],"collection":[{"href":"https:\/\/textosteatro.com\/br\/wp-json\/wp\/v2\/pages"}],"about":[{"href":"https:\/\/textosteatro.com\/br\/wp-json\/wp\/v2\/types\/page"}],"author":[{"embeddable":true,"href":"https:\/\/textosteatro.com\/br\/wp-json\/wp\/v2\/users\/1"}],"replies":[{"embeddable":true,"href":"https:\/\/textosteatro.com\/br\/wp-json\/wp\/v2\/comments?post=36"}],"version-history":[{"count":5,"href":"https:\/\/textosteatro.com\/br\/wp-json\/wp\/v2\/pages\/36\/revisions"}],"predecessor-version":[{"id":1396,"href":"https:\/\/textosteatro.com\/br\/wp-json\/wp\/v2\/pages\/36\/revisions\/1396"}],"wp:attachment":[{"href":"https:\/\/textosteatro.com\/br\/wp-json\/wp\/v2\/media?parent=36"}],"curies":[{"name":"wp","href":"https:\/\/api.w.org\/{rel}","templated":true}]}}